{"id":568,"date":"2025-10-08T17:53:04","date_gmt":"2025-10-08T15:53:04","guid":{"rendered":"https:\/\/www.unipoltech.com\/?page_id=568"},"modified":"2025-12-12T18:01:08","modified_gmt":"2025-12-12T17:01:08","slug":"whistleblowing","status":"publish","type":"page","link":"https:\/\/www.unipoltech.com\/site\/whistleblowing\/","title":{"rendered":"Whistleblowing"},"content":{"rendered":"\n    <section id=\"\" class=\"plain-text unipol-wrapper light-mode full-width\">\n        <div class=\"section-content\">\n            <h2 class=\"unipol-title\">Whistleblowing: il sistema interno di segnalazione delle violazioni<\/h2>\n            <p class=\"unipol-description\">\n            Con il termine\u00a0<em>whistleblower\u00a0<\/em>(dall&#8217;inglese:\u00a0<em>to\u00a0blow\u00a0the\u00a0whistle<\/em>\u00a0&#8211; soffiare il fischietto) si fa generalmente riferimento alla persona che, venuta a conoscenza di atti o fatti potenzialmente illeciti nel proprio contesto lavorativo, decide di denunciarli\u00a0servendosi di canali interni riservati e indipendenti, appositamente previsti dall&#8217;azienda.<br>\nIl Gruppo Unipol ha adottato un\u00a0<strong>sistema interno per la segnalazione delle violazioni<\/strong>\u00a0che ha l&#8217;obiettivo di salvaguardare la\u00a0<strong>riservatezza<\/strong>\u00a0dell&#8217;identit\u00e0 del segnalante e\u00a0<strong>tutelarlo da condotte ritorsive<\/strong>\u00a0conseguenti alla segnalazione, in linea con la normativa emanata in materia di\u00a0<em>whistleblowing<\/em>\u00a0a livello europeo e nazionale (da ultimo il D. Lgs. 15 marzo 2023 n. 24, che recepisce nell&#8217;ordinamento italiano la Direttiva (UE) 2019\/1937).<br>\nIl sistema di segnalazione \u00e8 formalizzato in una\u00a0<strong>Procedura<\/strong>\u00a0consultabile da questa pagina.<br>\nAi sensi della Procedura, la Societ\u00e0 ha istituito\u00a0<strong>propri canali dedicati<\/strong>, gestiti da strutture autonome e indipendenti, attraverso i quali \u00e8 possibile segnalare comportamenti, atti od omissioni \u2013 compresi i fondati sospetti \u2013 di cui il segnalante sia venuto a conoscenza nel proprio contesto lavorativo e che ritiene possano costituire una violazione delle norme disciplinanti l&#8217;attivit\u00e0 svolta dalla Societ\u00e0. Il segnalante, se lo preferisce, ha la possibilit\u00e0 di utilizzare gli analoghi canali istituiti presso la Capogruppo.<br>\nLe\u00a0<strong>strutture preposte<\/strong>\u00a0alla ricezione e alla gestione delle segnalazioni, i\u00a0<strong>mezzi<\/strong>\u00a0attraverso cui le stesse possono essere trasmesse \u2013 in forma scritta, in forma orale o mediante incontro\u00a0diretto \u2013 i\u00a0<strong>soggetti<\/strong>\u00a0che possono segnalare, nonch\u00e9\u00a0il\u00a0<strong>processo di gestione<\/strong>\u00a0delle segnalazioni ricevute sono definiti dalla Procedura, cui si rimanda per ogni dettaglio.<br>\nIn particolare, \u00e8 previsto per tutti i segnalanti l&#8217;utilizzo di una apposita\u00a0<strong>Piattaforma informatica<\/strong>\u00a0\u2013\u00a0disponibile al\u00a0<em>link<\/em>\u00a0indicato in questa pagina\u00a0\u2013 idonea a garantire, con modalit\u00e0 informatiche, la riservatezza dell&#8217;identit\u00e0 del segnalante.<br>\nAl ricorrere di determinate condizioni previste dalla normativa, \u00e8 possibile effettuare\u00a0<strong>segnalazioni esterne direttamente all&#8217;Autorit\u00e0 nazionale anticorruzione<\/strong>\u00a0(ANAC). Le informazioni sul canale, sulle procedure e sui presupposti per effettuare le segnalazioni esterne sono riportate nella Procedura.<br>\n&nbsp;<br>\nDocumenti correlati:<br>\n&nbsp;<br>\n<a style=\"color: #0050b4 !important;\" href=\"\/site\/wp-content\/uploads\/2025\/10\/Procedura_Whistleblowing_Unipol_2025.pdf\" target=\"_blank\" rel=\"noopener\">Whistleblowing &#8211; Proce\u200bdura &#8211; 2025<\/a><br>\n&nbsp;<br>\n<a style=\"color: #0050b4 !important;\" href=\"\/site\/wp-content\/uploads\/2025\/10\/Manuale_Segnalante_Unipol_2025.pdf\" target=\"_blank\" rel=\"noopener\">Manuale del Segnalante &#8211; 2025<\/a><br>\n&nbsp;<br>\nLink correlati:<br>\n&nbsp;<br>\n<a style=\"color: #0050b4 !important;\" href=\"https:\/\/digitalplatform.unionefiduciaria.it\/whistleblowingnew\/it\/accessoprincipale\/identificazionegruppo?token=GRUPPOUNIPOLWB\" target=\"_blank\" rel=\"noopener\">Whistleblowing \u2013 Piattaforma\u200b<\/a><br>\n            <\/p>\n                    <\/div>\n    <\/section>\n\n","protected":false},"excerpt":{"rendered":"","protected":false},"author":1,"featured_media":0,"parent":0,"menu_order":0,"comment_status":"closed","ping_status":"closed","template":"","meta":{"_acf_changed":false,"footnotes":""},"class_list":["post-568","page","type-page","status-publish","hentry"],"acf":[],"yoast_head":"<!-- This site is optimized with the Yoast SEO plugin v26.4 - https:\/\/yoast.com\/wordpress\/plugins\/seo\/ -->\n<title>Whistleblowing - UnipolTech<\/title>\n<meta name=\"robots\" content=\"index, follow, max-snippet:-1, max-image-preview:large, max-video-preview:-1\" \/>\n<link rel=\"canonical\" href=\"https:\/\/www.unipoltech.com\/site\/whistleblowing\/\" \/>\n<meta property=\"og:locale\" content=\"en_US\" \/>\n<meta property=\"og:type\" content=\"article\" \/>\n<meta property=\"og:title\" content=\"Whistleblowing - UnipolTech\" \/>\n<meta property=\"og:url\" content=\"https:\/\/www.unipoltech.com\/site\/whistleblowing\/\" \/>\n<meta property=\"og:site_name\" content=\"UnipolTech\" \/>\n<meta property=\"article:modified_time\" content=\"2025-12-12T17:01:08+00:00\" \/>\n<meta name=\"twitter:card\" content=\"summary_large_image\" \/>\n<script type=\"application\/ld+json\" class=\"yoast-schema-graph\">{\"@context\":\"https:\/\/schema.org\",\"@graph\":[{\"@type\":\"WebPage\",\"@id\":\"https:\/\/www.unipoltech.com\/site\/whistleblowing\/\",\"url\":\"https:\/\/www.unipoltech.com\/site\/whistleblowing\/\",\"name\":\"Whistleblowing - UnipolTech\",\"isPartOf\":{\"@id\":\"https:\/\/www.unipoltech.com\/site\/#website\"},\"datePublished\":\"2025-10-08T15:53:04+00:00\",\"dateModified\":\"2025-12-12T17:01:08+00:00\",\"breadcrumb\":{\"@id\":\"https:\/\/www.unipoltech.com\/site\/whistleblowing\/#breadcrumb\"},\"inLanguage\":\"en-US\",\"potentialAction\":[{\"@type\":\"ReadAction\",\"target\":[\"https:\/\/www.unipoltech.com\/site\/whistleblowing\/\"]}]},{\"@type\":\"BreadcrumbList\",\"@id\":\"https:\/\/www.unipoltech.com\/site\/whistleblowing\/#breadcrumb\",\"itemListElement\":[{\"@type\":\"ListItem\",\"position\":1,\"name\":\"Home\",\"item\":\"https:\/\/www.unipoltech.com\/site\/\"},{\"@type\":\"ListItem\",\"position\":2,\"name\":\"Whistleblowing\"}]},{\"@type\":\"WebSite\",\"@id\":\"https:\/\/www.unipoltech.com\/site\/#website\",\"url\":\"https:\/\/www.unipoltech.com\/site\/\",\"name\":\"UnipolTech\",\"description\":\"\",\"publisher\":{\"@id\":\"https:\/\/www.unipoltech.com\/site\/#organization\"},\"potentialAction\":[{\"@type\":\"SearchAction\",\"target\":{\"@type\":\"EntryPoint\",\"urlTemplate\":\"https:\/\/www.unipoltech.com\/site\/?s={search_term_string}\"},\"query-input\":{\"@type\":\"PropertyValueSpecification\",\"valueRequired\":true,\"valueName\":\"search_term_string\"}}],\"inLanguage\":\"en-US\"},{\"@type\":\"Organization\",\"@id\":\"https:\/\/www.unipoltech.com\/site\/#organization\",\"name\":\"UnipolTech\",\"url\":\"https:\/\/www.unipoltech.com\/site\/\",\"logo\":{\"@type\":\"ImageObject\",\"inLanguage\":\"en-US\",\"@id\":\"https:\/\/www.unipoltech.com\/site\/#\/schema\/logo\/image\/\",\"url\":\"https:\/\/www.unipoltech.com\/site\/wp-content\/uploads\/2025\/10\/unipoltech.svg\",\"contentUrl\":\"https:\/\/www.unipoltech.com\/site\/wp-content\/uploads\/2025\/10\/unipoltech.svg\",\"caption\":\"UnipolTech\"},\"image\":{\"@id\":\"https:\/\/www.unipoltech.com\/site\/#\/schema\/logo\/image\/\"}}]}<\/script>\n<!-- \/ Yoast SEO plugin. -->","yoast_head_json":{"title":"Whistleblowing - UnipolTech","robots":{"index":"index","follow":"follow","max-snippet":"max-snippet:-1","max-image-preview":"max-image-preview:large","max-video-preview":"max-video-preview:-1"},"canonical":"https:\/\/www.unipoltech.com\/site\/whistleblowing\/","og_locale":"en_US","og_type":"article","og_title":"Whistleblowing - UnipolTech","og_url":"https:\/\/www.unipoltech.com\/site\/whistleblowing\/","og_site_name":"UnipolTech","article_modified_time":"2025-12-12T17:01:08+00:00","twitter_card":"summary_large_image","schema":{"@context":"https:\/\/schema.org","@graph":[{"@type":"WebPage","@id":"https:\/\/www.unipoltech.com\/site\/whistleblowing\/","url":"https:\/\/www.unipoltech.com\/site\/whistleblowing\/","name":"Whistleblowing - UnipolTech","isPartOf":{"@id":"https:\/\/www.unipoltech.com\/site\/#website"},"datePublished":"2025-10-08T15:53:04+00:00","dateModified":"2025-12-12T17:01:08+00:00","breadcrumb":{"@id":"https:\/\/www.unipoltech.com\/site\/whistleblowing\/#breadcrumb"},"inLanguage":"en-US","potentialAction":[{"@type":"ReadAction","target":["https:\/\/www.unipoltech.com\/site\/whistleblowing\/"]}]},{"@type":"BreadcrumbList","@id":"https:\/\/www.unipoltech.com\/site\/whistleblowing\/#breadcrumb","itemListElement":[{"@type":"ListItem","position":1,"name":"Home","item":"https:\/\/www.unipoltech.com\/site\/"},{"@type":"ListItem","position":2,"name":"Whistleblowing"}]},{"@type":"WebSite","@id":"https:\/\/www.unipoltech.com\/site\/#website","url":"https:\/\/www.unipoltech.com\/site\/","name":"UnipolTech","description":"","publisher":{"@id":"https:\/\/www.unipoltech.com\/site\/#organization"},"potentialAction":[{"@type":"SearchAction","target":{"@type":"EntryPoint","urlTemplate":"https:\/\/www.unipoltech.com\/site\/?s={search_term_string}"},"query-input":{"@type":"PropertyValueSpecification","valueRequired":true,"valueName":"search_term_string"}}],"inLanguage":"en-US"},{"@type":"Organization","@id":"https:\/\/www.unipoltech.com\/site\/#organization","name":"UnipolTech","url":"https:\/\/www.unipoltech.com\/site\/","logo":{"@type":"ImageObject","inLanguage":"en-US","@id":"https:\/\/www.unipoltech.com\/site\/#\/schema\/logo\/image\/","url":"https:\/\/www.unipoltech.com\/site\/wp-content\/uploads\/2025\/10\/unipoltech.svg","contentUrl":"https:\/\/www.unipoltech.com\/site\/wp-content\/uploads\/2025\/10\/unipoltech.svg","caption":"UnipolTech"},"image":{"@id":"https:\/\/www.unipoltech.com\/site\/#\/schema\/logo\/image\/"}}]}},"_links":{"self":[{"href":"https:\/\/www.unipoltech.com\/site\/wp-json\/wp\/v2\/pages\/568","targetHints":{"allow":["GET"]}}],"collection":[{"href":"https:\/\/www.unipoltech.com\/site\/wp-json\/wp\/v2\/pages"}],"about":[{"href":"https:\/\/www.unipoltech.com\/site\/wp-json\/wp\/v2\/types\/page"}],"author":[{"embeddable":true,"href":"https:\/\/www.unipoltech.com\/site\/wp-json\/wp\/v2\/users\/1"}],"replies":[{"embeddable":true,"href":"https:\/\/www.unipoltech.com\/site\/wp-json\/wp\/v2\/comments?post=568"}],"version-history":[{"count":10,"href":"https:\/\/www.unipoltech.com\/site\/wp-json\/wp\/v2\/pages\/568\/revisions"}],"predecessor-version":[{"id":1854,"href":"https:\/\/www.unipoltech.com\/site\/wp-json\/wp\/v2\/pages\/568\/revisions\/1854"}],"wp:attachment":[{"href":"https:\/\/www.unipoltech.com\/site\/wp-json\/wp\/v2\/media?parent=568"}],"curies":[{"name":"wp","href":"https:\/\/api.w.org\/{rel}","templated":true}]}}