{"id":305,"date":"2025-08-25T13:59:24","date_gmt":"2025-08-25T11:59:24","guid":{"rendered":"https:\/\/www.unipoltech.com\/?page_id=305"},"modified":"2026-04-21T10:23:23","modified_gmt":"2026-04-21T08:23:23","slug":"progetti-di-ricerca","status":"publish","type":"page","link":"https:\/\/www.unipoltech.com\/site\/progetti-di-ricerca\/","title":{"rendered":"Progetti di ricerca"},"content":{"rendered":"\n    <section class=\"hero-banner\">\n        <div class=\"banner-wrapper\">\n            <img decoding=\"async\"\n                class=\"banner-background\"\n                src=\"https:\/\/www.unipoltech.com\/site\/wp-content\/uploads\/2025\/10\/UnipolTech_progetti_di_ricerca.png\"\n                alt=\"\" \n            \/>\n            <div class=\"banner-overlay\"><\/div>\n            <div class=\"unipol-wrapper\">\n                <div class=\"section-content\">\n                    <div class=\"title\"><h1>Progetti di ricerca<\/h1><\/div>\n                <\/div>\n            <\/div>            \n        <\/div>\n    <\/section>\n\n\n\n\n    <section class=\"partners unipol-wrapper light-mode\" style=\"overflow:hidden !important\">\n        <div class=\"section-content\">\n            <h2 class=\"unipol-title\">I nostri partner di ricerca<\/h2>\n                            <p class=\"unipol-description\">Crediamo che l\u2019innovazione sia frutto di collaborazione e curiosit\u00e0. Per questo UnipolTech lavora insieme a universit\u00e0, centri di ricerca e startup in progetti che uniscono sperimentazione, analisi e tecnologia. Un impegno condiviso per costruire soluzioni digitali sempre pi\u00f9 evolute e sostenibili.<\/p>\n                    <\/div>\n\n        <!-- <div class=\"section-content\" id=\"partners-slider-offset-left\" aria-hidden=\"true\"><\/div> -->\n\n                    <div class=\"partner-list-slider light-space\">  \n                <div class=\"section-content\">                       \n                    <ul class=\"slider-partner\">\n                                                    <li>\n                                <div class=\"partner\">\n                                    <img decoding=\"async\" src=\"https:\/\/www.unipoltech.com\/site\/wp-content\/uploads\/2026\/04\/Politecnico-torino-new.png\" alt=\"\" \/>\n                                <\/div>\n                            <\/li>\n                                                    <li>\n                                <div class=\"partner\">\n                                    <img decoding=\"async\" src=\"https:\/\/www.unipoltech.com\/site\/wp-content\/uploads\/2026\/04\/politecnico-bari-new.png\" alt=\"\" \/>\n                                <\/div>\n                            <\/li>\n                                                    <li>\n                                <div class=\"partner\">\n                                    <img decoding=\"async\" src=\"https:\/\/www.unipoltech.com\/site\/wp-content\/uploads\/2026\/04\/Uni-catania-new.png\" alt=\"\" \/>\n                                <\/div>\n                            <\/li>\n                                                    <li>\n                                <div class=\"partner\">\n                                    <img decoding=\"async\" src=\"https:\/\/www.unipoltech.com\/site\/wp-content\/uploads\/2026\/04\/Politecnico-milano-new.png\" alt=\"\" \/>\n                                <\/div>\n                            <\/li>\n                                                    <li>\n                                <div class=\"partner\">\n                                    <img decoding=\"async\" src=\"https:\/\/www.unipoltech.com\/site\/wp-content\/uploads\/2026\/04\/Politecnico-torino-new.png\" alt=\"\" \/>\n                                <\/div>\n                            <\/li>\n                                                    <li>\n                                <div class=\"partner\">\n                                    <img decoding=\"async\" src=\"https:\/\/www.unipoltech.com\/site\/wp-content\/uploads\/2026\/04\/politecnico-bari-new.png\" alt=\"\" \/>\n                                <\/div>\n                            <\/li>\n                                                    <li>\n                                <div class=\"partner\">\n                                    <img decoding=\"async\" src=\"https:\/\/www.unipoltech.com\/site\/wp-content\/uploads\/2026\/04\/Uni-catania-new.png\" alt=\"\" \/>\n                                <\/div>\n                            <\/li>\n                                                    <li>\n                                <div class=\"partner\">\n                                    <img decoding=\"async\" src=\"https:\/\/www.unipoltech.com\/site\/wp-content\/uploads\/2026\/04\/Politecnico-milano-new.png\" alt=\"\" \/>\n                                <\/div>\n                            <\/li>\n                                            <\/ul>            \n                <\/div>\n            <\/div>\n            <\/section>\n\n\n\n\n    \n    <section class=\"text-image unipol-wrapper  light-mode order-text-image\" id=\"\">\n        <div class=\"section-content\">\n                            <div class=\"image-wrapper \">\n                    <img decoding=\"async\" src=\"https:\/\/www.unipoltech.com\/site\/wp-content\/uploads\/2025\/11\/Move_In_UnipolTech.png\" alt=\"\" \/>\n                <\/div>\n                        <div class=\"text-wrapper\">\n                <h3 class=\"unipol-title\">MoVe-In<\/h3>\n                <p class=\"unipol-description\">UnipolTech aderisce al progetto MoVe-In (Monitoring of Vehicles Insurance) promosso da diverse regioni italiane \u2014 tra cui Lombardia, Piemonte, Veneto ed Emilia-Romagna \u2014 per favorire una mobilit\u00e0 pi\u00f9 sostenibile.\r\nL\u2019iniziativa consente la circolazione dei veicoli pi\u00f9 inquinanti all\u2019interno delle aree urbane, con un limite di chilometri annuali stabilito in base alla classe ambientale del mezzo.<\/p>\n                <div class=\"buttons\">\n                                                                        <div class=\"unipol-link\">\n                                <a class=\"\" href=\"https:\/\/web.unipoltech.com\/movein\/UTechWlMoveInWeb\/app\/\">\n                                    <span class=\"text\">Scopri di pi\u00f9<\/span>\n                                    <span class=\"icon unipol-icon-arrow-outward\"><\/span>\n                                <\/a>\n                            <\/div>\n                                                                                <\/div>\n            <\/div>\n        <\/div>\n    <\/section>\n\n\n\n\n    \n    <section class=\"text-image unipol-wrapper  light-mode order-image-text\" id=\"\">\n        <div class=\"section-content\">\n                            <div class=\"image-wrapper \">\n                    <img decoding=\"async\" src=\"https:\/\/www.unipoltech.com\/site\/wp-content\/uploads\/2025\/10\/Green_Box_UnipolTech-1.png\" alt=\"\" \/>\n                <\/div>\n                        <div class=\"text-wrapper\">\n                <h3 class=\"unipol-title\">Green Box<\/h3>\n                <p class=\"unipol-description\">Con l\u2019obiettivo di cambiare il paradigma di UniBox da \u201cBlack box\u201d &#8211; centrata su assistenza e sicurezza per il guidatore &#8211; a \u201cGreen box\u201d &#8211; volta ad estendere i benefici della telematica assicurativa anche alla sostenibilit\u00e0 ambientale, \u00e8 stato sviluppato, brevettato e certificato un algoritmo in grado di calcolare le emissioni reali di ogni veicolo basandosi su classe inquinante, percorrenza, velocit\u00e0 media e stile di guida. L\u2019attivit\u00e0 \u00e8 stata promossa in ambito TUMC ed ha gi\u00e0 ricevuto molto interesse da parte della Pubblica Amministrazione in ottica \u201cevoluzione\u201d MoVe-In\u201d.<\/p>\n                <div class=\"buttons\">\n                                                                        <div class=\"unipol-link\">\n                                <a class=\"\" href=\"https:\/\/www.unipoltech.com\/site\/wp-content\/uploads\/2025\/10\/Published_Strada_et_al-2024-Scientific_Reports.pdf\">\n                                    <span class=\"text\">Scopri di pi\u00f9<\/span>\n                                    <span class=\"icon unipol-icon-arrow-outward\"><\/span>\n                                <\/a>\n                            <\/div>\n                                                                                <\/div>\n            <\/div>\n        <\/div>\n    <\/section>\n\n\n\n\n            <div class=\"hidden-content\" id=\"hidden-content-1\">\n        \n                                            <section class=\"text-image unipol-wrapper normal light-mode order-text-image\">\n                    <div class=\"section-content\">\n                        <div class=\"image-wrapper \">\n                            <img decoding=\"async\" src=\"https:\/\/www.unipoltech.com\/site\/wp-content\/uploads\/2025\/10\/e_private_mobility_UnipolTech-1.png\" alt=\"\" \/>\n                        <\/div>\n                        <div class=\"text-wrapper\">\n                            <h3 class=\"unipol-title\">E-Private Mobility Index<\/h3>\n                            <p class=\"unipol-description\">In collaborazione con il Politecnico di Milano, UnipolTech ha sviluppato un indice che misura il potenziale di elettrificazione dei veicoli urbani, senza modificare le abitudini di guida dei cittadini. Attraverso l\u2019analisi dei percorsi reali e dei chilometri percorsi, lo strumento consente alle Pubbliche Amministrazioni di pianificare interventi mirati per favorire la transizione verso la mobilit\u00e0 elettrica.\r\n<\/p>\n                                                    <\/div>\n                    <\/div>\n                <\/section>\n                                            <section class=\"text-image unipol-wrapper normal light-mode order-image-text\">\n                    <div class=\"section-content\">\n                        <div class=\"image-wrapper \">\n                            <img decoding=\"async\" src=\"https:\/\/www.unipoltech.com\/site\/wp-content\/uploads\/2025\/10\/V2X_UnipolTech-1.png\" alt=\"\" \/>\n                        <\/div>\n                        <div class=\"text-wrapper\">\n                            <h3 class=\"unipol-title\">V2X<\/h3>\n                            <p class=\"unipol-description\">Nell\u2019ambito del progetto MOST e in collaborazione con l\u2019Universit\u00e0 Federico II di Napoli e TIM, a giugno 2025 \u00e8 stata realizzata con successo una prima dimostrazione di interoperabilit\u00e0 e comunicazione tra le Unibox e l\u2019infrastruttura Telco C-V2X, a conferma del potenziale tecnologico del progetto.\r\n<\/p>\n                                                    <\/div>\n                    <\/div>\n                <\/section>\n                                            <section class=\"text-image unipol-wrapper normal light-mode order-text-image\">\n                    <div class=\"section-content\">\n                        <div class=\"image-wrapper \">\n                            <img decoding=\"async\" src=\"https:\/\/www.unipoltech.com\/site\/wp-content\/uploads\/2025\/10\/Citta_30_UnipolTech-1.png\" alt=\"\" \/>\n                        <\/div>\n                        <div class=\"text-wrapper\">\n                            <h3 class=\"unipol-title\">Citt\u00e0 sicura (Citt\u00e0 Km30)<\/h3>\n                            <p class=\"unipol-description\">In collaborazione con il MIT di Boston, UnipolTech ha analizzato tempi di percorrenza, velocit\u00e0 media ed eventi crash dei veicoli per valutare l\u2019impatto del progetto Citt\u00e0 Km30\/Sicura con un approccio scientifico e basato sui dati.\r\nParallelamente, \u00e8 stato avviato uno studio per approfondire come, oltre ai limiti di velocit\u00e0, il design urbano delle strade possa favorire comportamenti di guida pi\u00f9 sicuri, in un\u2019ottica di sicurezza stradale integrata e sostenibile.\r\n<\/p>\n                                                                                                <div class=\"unipol-link\">\n                                        <a href=\"https:\/\/www.sciencedirect.com\/science\/article\/pii\/S0965856425003386?dgcid=coauthor\">\n                                            <span class=\"text\">Scopri di pi\u00f9<\/span>\n                                            <span class=\"icon unipol-icon-arrow-outward\"><\/span>\n                                        <\/a>\n                                    <\/div>\n                                                                                    <\/div>\n                    <\/div>\n                <\/section>\n                                            <section class=\"text-image unipol-wrapper normal light-mode order-image-text\">\n                    <div class=\"section-content\">\n                        <div class=\"image-wrapper \">\n                            <img decoding=\"async\" src=\"https:\/\/www.unipoltech.com\/site\/wp-content\/uploads\/2025\/11\/RoadSafeAI_UnipolTech-scaled.jpg\" alt=\"\" \/>\n                        <\/div>\n                        <div class=\"text-wrapper\">\n                            <h3 class=\"unipol-title\">RoadSafeAI<\/h3>\n                            <p class=\"unipol-description\">Sistema di intelligenza artificiale che integra immagini urbane e dati telematici per identificare le aree a maggiore rischio di incidentalit\u00e0.\r\nIl modello, testato con successo a Milano, ha raggiunto un\u2019accuratezza superiore al 95% nella previsione dei punti critici per la sicurezza stradale.<\/p>\n                                                    <\/div>\n                    <\/div>\n                <\/section>\n                                            <section class=\"text-image unipol-wrapper normal light-mode order-text-image\">\n                    <div class=\"section-content\">\n                        <div class=\"image-wrapper \">\n                            <img decoding=\"async\" src=\"https:\/\/www.unipoltech.com\/site\/wp-content\/uploads\/2025\/10\/Politecnico_di_Torino_UnipolTech.png\" alt=\"\" \/>\n                        <\/div>\n                        <div class=\"text-wrapper\">\n                            <h3 class=\"unipol-title\">Un algoritmo per una scelta sostenibile<\/h3>\n                            <p class=\"unipol-description\">In collaborazione con il Politecnico di Torino, UnipolTech ha sviluppato una piattaforma digitale progettata per supportare gli utenti nella scelta del veicolo elettrico pi\u00f9 adatto alle proprie abitudini di mobilit\u00e0. L\u2019obiettivo \u00e8 favorire decisioni consapevoli e accelerare la transizione verso una mobilit\u00e0 sostenibile.<\/p>\n                                                                                                <div class=\"unipol-link\">\n                                        <a href=\"https:\/\/www.unipoltech.com\/site\/wp-content\/uploads\/2025\/10\/Best_ECar_Digest_Paper_for_ITEC_AP_2025.pdf\">\n                                            <span class=\"text\">Scopri di pi\u00f9<\/span>\n                                            <span class=\"icon unipol-icon-arrow-outward\"><\/span>\n                                        <\/a>\n                                    <\/div>\n                                                                                    <\/div>\n                    <\/div>\n                <\/section>\n                                            <section class=\"text-image unipol-wrapper normal light-mode order-image-text\">\n                    <div class=\"section-content\">\n                        <div class=\"image-wrapper \">\n                            <img decoding=\"async\" src=\"https:\/\/www.unipoltech.com\/site\/wp-content\/uploads\/2025\/10\/Politecnico_di_Bari_UnipolTech.png\" alt=\"\" \/>\n                        <\/div>\n                        <div class=\"text-wrapper\">\n                            <h3 class=\"unipol-title\">Innovazione per la micro-mobilit\u00e0 urbana<\/h3>\n                            <p class=\"unipol-description\">In collaborazione con il Politecnico di Bari, nell\u2019ambito del programma MOST, \u00e8 stato sviluppato un progetto dedicato alla micro-mobilit\u00e0 urbana (MaaS).\r\nL\u2019iniziativa mira a ottimizzare gli spostamenti in citt\u00e0 attraverso soluzioni digitali integrate, promuovendo un modello di mobilit\u00e0 pi\u00f9 connesso, efficiente e sostenibile.<\/p>\n                                                    <\/div>\n                    <\/div>\n                <\/section>\n                                            <section class=\"text-image unipol-wrapper normal light-mode order-text-image\">\n                    <div class=\"section-content\">\n                        <div class=\"image-wrapper \">\n                            <img decoding=\"async\" src=\"https:\/\/www.unipoltech.com\/site\/wp-content\/uploads\/2025\/10\/Universita_di_Bologna_UnipolTech.png\" alt=\"\" \/>\n                        <\/div>\n                        <div class=\"text-wrapper\">\n                            <h3 class=\"unipol-title\">Tecnologia e sicurezza alla guida<\/h3>\n                            <p class=\"unipol-description\">In collaborazione con l\u2019Universit\u00e0 di Bologna, UnipolTech ha analizzato l\u2019impatto dei Sistemi di ausilio alla guida (ADAS) sulla sicurezza stradale.\r\nLo studio ha contribuito a valutare come l\u2019integrazione delle tecnologie di assistenza possa ridurre i rischi e migliorare la prevenzione degli incidenti.<\/p>\n                                                    <\/div>\n                    <\/div>\n                <\/section>\n                                            <section class=\"text-image unipol-wrapper normal light-mode order-image-text\">\n                    <div class=\"section-content\">\n                        <div class=\"image-wrapper \">\n                            <img decoding=\"async\" src=\"https:\/\/www.unipoltech.com\/site\/wp-content\/uploads\/2026\/02\/UnipolMove_urban-scaled.jpg\" alt=\"\" \/>\n                        <\/div>\n                        <div class=\"text-wrapper\">\n                            <h3 class=\"unipol-title\">Urban Mobility Council 2025<\/h3>\n                            <p class=\"unipol-description\">UnipolTech ha collaborato con il MIT nell\u2019ambito dell\u2019Urban Mobility Council 2025, contribuendo con un dataset telematico raccolto tramite dispositivi telematici installati su circa 3,7 milioni di veicoli in Italia.\r\n\r\nI dati, anonimizzati e acquisiti in contesto reale, includono velocit\u00e0, direzione di marcia e posizione GNSS, rilevate a intervalli regolari (circa ogni 2 minuti). Il contributo supporta analisi avanzate sui flussi di mobilit\u00e0 urbana e sui comportamenti di guida.<\/p>\n                                                                                                <div class=\"unipol-link\">\n                                        <a href=\"https:\/\/www.sciencedirect.com\/science\/article\/pii\/S0968090X26000422?dgcid=coauthor\">\n                                            <span class=\"text\">Scopri di pi\u00f9<\/span>\n                                            <span class=\"icon unipol-icon-arrow-outward\"><\/span>\n                                        <\/a>\n                                    <\/div>\n                                                                                    <\/div>\n                    <\/div>\n                <\/section>\n            \n        <\/div>\n\n        <section class=\"show-more unipol-wrapper light-mode\">\n            <div class=\"section-content\">\n                <div class=\"toggle\" data-id=\"hidden-content-1\">\n                    <p class=\"label\">Vedi tutti i progetti<\/p>\n                    <span class=\"icon unipol-icon-chevron-down\"><\/span>\n                <\/div>\n            <\/div>\n      <\/section>\n\n        \n\n","protected":false},"excerpt":{"rendered":"","protected":false},"author":1,"featured_media":0,"parent":0,"menu_order":0,"comment_status":"closed","ping_status":"closed","template":"","meta":{"_acf_changed":false,"footnotes":""},"class_list":["post-305","page","type-page","status-publish","hentry"],"acf":[],"yoast_head":"<!-- This site is optimized with the Yoast SEO plugin v26.4 - https:\/\/yoast.com\/wordpress\/plugins\/seo\/ -->\n<title>Progetti di ricerca - UnipolTech<\/title>\n<meta name=\"robots\" content=\"index, follow, max-snippet:-1, max-image-preview:large, max-video-preview:-1\" \/>\n<link rel=\"canonical\" href=\"https:\/\/www.unipoltech.com\/site\/progetti-di-ricerca\/\" \/>\n<meta property=\"og:locale\" content=\"en_US\" \/>\n<meta property=\"og:type\" content=\"article\" \/>\n<meta property=\"og:title\" content=\"Progetti di ricerca - UnipolTech\" \/>\n<meta property=\"og:url\" content=\"https:\/\/www.unipoltech.com\/site\/progetti-di-ricerca\/\" \/>\n<meta property=\"og:site_name\" content=\"UnipolTech\" \/>\n<meta property=\"article:modified_time\" content=\"2026-04-21T08:23:23+00:00\" \/>\n<meta name=\"twitter:card\" content=\"summary_large_image\" \/>\n<script type=\"application\/ld+json\" class=\"yoast-schema-graph\">{\"@context\":\"https:\/\/schema.org\",\"@graph\":[{\"@type\":\"WebPage\",\"@id\":\"https:\/\/www.unipoltech.com\/site\/progetti-di-ricerca\/\",\"url\":\"https:\/\/www.unipoltech.com\/site\/progetti-di-ricerca\/\",\"name\":\"Progetti di ricerca - UnipolTech\",\"isPartOf\":{\"@id\":\"https:\/\/www.unipoltech.com\/site\/#website\"},\"datePublished\":\"2025-08-25T11:59:24+00:00\",\"dateModified\":\"2026-04-21T08:23:23+00:00\",\"breadcrumb\":{\"@id\":\"https:\/\/www.unipoltech.com\/site\/progetti-di-ricerca\/#breadcrumb\"},\"inLanguage\":\"en-US\",\"potentialAction\":[{\"@type\":\"ReadAction\",\"target\":[\"https:\/\/www.unipoltech.com\/site\/progetti-di-ricerca\/\"]}]},{\"@type\":\"BreadcrumbList\",\"@id\":\"https:\/\/www.unipoltech.com\/site\/progetti-di-ricerca\/#breadcrumb\",\"itemListElement\":[{\"@type\":\"ListItem\",\"position\":1,\"name\":\"Home\",\"item\":\"https:\/\/www.unipoltech.com\/site\/\"},{\"@type\":\"ListItem\",\"position\":2,\"name\":\"Progetti di ricerca\"}]},{\"@type\":\"WebSite\",\"@id\":\"https:\/\/www.unipoltech.com\/site\/#website\",\"url\":\"https:\/\/www.unipoltech.com\/site\/\",\"name\":\"UnipolTech\",\"description\":\"\",\"publisher\":{\"@id\":\"https:\/\/www.unipoltech.com\/site\/#organization\"},\"potentialAction\":[{\"@type\":\"SearchAction\",\"target\":{\"@type\":\"EntryPoint\",\"urlTemplate\":\"https:\/\/www.unipoltech.com\/site\/?s={search_term_string}\"},\"query-input\":{\"@type\":\"PropertyValueSpecification\",\"valueRequired\":true,\"valueName\":\"search_term_string\"}}],\"inLanguage\":\"en-US\"},{\"@type\":\"Organization\",\"@id\":\"https:\/\/www.unipoltech.com\/site\/#organization\",\"name\":\"UnipolTech\",\"url\":\"https:\/\/www.unipoltech.com\/site\/\",\"logo\":{\"@type\":\"ImageObject\",\"inLanguage\":\"en-US\",\"@id\":\"https:\/\/www.unipoltech.com\/site\/#\/schema\/logo\/image\/\",\"url\":\"https:\/\/www.unipoltech.com\/site\/wp-content\/uploads\/2025\/10\/unipoltech.svg\",\"contentUrl\":\"https:\/\/www.unipoltech.com\/site\/wp-content\/uploads\/2025\/10\/unipoltech.svg\",\"caption\":\"UnipolTech\"},\"image\":{\"@id\":\"https:\/\/www.unipoltech.com\/site\/#\/schema\/logo\/image\/\"}}]}<\/script>\n<!-- \/ Yoast SEO plugin. -->","yoast_head_json":{"title":"Progetti di ricerca - UnipolTech","robots":{"index":"index","follow":"follow","max-snippet":"max-snippet:-1","max-image-preview":"max-image-preview:large","max-video-preview":"max-video-preview:-1"},"canonical":"https:\/\/www.unipoltech.com\/site\/progetti-di-ricerca\/","og_locale":"en_US","og_type":"article","og_title":"Progetti di ricerca - UnipolTech","og_url":"https:\/\/www.unipoltech.com\/site\/progetti-di-ricerca\/","og_site_name":"UnipolTech","article_modified_time":"2026-04-21T08:23:23+00:00","twitter_card":"summary_large_image","schema":{"@context":"https:\/\/schema.org","@graph":[{"@type":"WebPage","@id":"https:\/\/www.unipoltech.com\/site\/progetti-di-ricerca\/","url":"https:\/\/www.unipoltech.com\/site\/progetti-di-ricerca\/","name":"Progetti di ricerca - UnipolTech","isPartOf":{"@id":"https:\/\/www.unipoltech.com\/site\/#website"},"datePublished":"2025-08-25T11:59:24+00:00","dateModified":"2026-04-21T08:23:23+00:00","breadcrumb":{"@id":"https:\/\/www.unipoltech.com\/site\/progetti-di-ricerca\/#breadcrumb"},"inLanguage":"en-US","potentialAction":[{"@type":"ReadAction","target":["https:\/\/www.unipoltech.com\/site\/progetti-di-ricerca\/"]}]},{"@type":"BreadcrumbList","@id":"https:\/\/www.unipoltech.com\/site\/progetti-di-ricerca\/#breadcrumb","itemListElement":[{"@type":"ListItem","position":1,"name":"Home","item":"https:\/\/www.unipoltech.com\/site\/"},{"@type":"ListItem","position":2,"name":"Progetti di ricerca"}]},{"@type":"WebSite","@id":"https:\/\/www.unipoltech.com\/site\/#website","url":"https:\/\/www.unipoltech.com\/site\/","name":"UnipolTech","description":"","publisher":{"@id":"https:\/\/www.unipoltech.com\/site\/#organization"},"potentialAction":[{"@type":"SearchAction","target":{"@type":"EntryPoint","urlTemplate":"https:\/\/www.unipoltech.com\/site\/?s={search_term_string}"},"query-input":{"@type":"PropertyValueSpecification","valueRequired":true,"valueName":"search_term_string"}}],"inLanguage":"en-US"},{"@type":"Organization","@id":"https:\/\/www.unipoltech.com\/site\/#organization","name":"UnipolTech","url":"https:\/\/www.unipoltech.com\/site\/","logo":{"@type":"ImageObject","inLanguage":"en-US","@id":"https:\/\/www.unipoltech.com\/site\/#\/schema\/logo\/image\/","url":"https:\/\/www.unipoltech.com\/site\/wp-content\/uploads\/2025\/10\/unipoltech.svg","contentUrl":"https:\/\/www.unipoltech.com\/site\/wp-content\/uploads\/2025\/10\/unipoltech.svg","caption":"UnipolTech"},"image":{"@id":"https:\/\/www.unipoltech.com\/site\/#\/schema\/logo\/image\/"}}]}},"_links":{"self":[{"href":"https:\/\/www.unipoltech.com\/site\/wp-json\/wp\/v2\/pages\/305","targetHints":{"allow":["GET"]}}],"collection":[{"href":"https:\/\/www.unipoltech.com\/site\/wp-json\/wp\/v2\/pages"}],"about":[{"href":"https:\/\/www.unipoltech.com\/site\/wp-json\/wp\/v2\/types\/page"}],"author":[{"embeddable":true,"href":"https:\/\/www.unipoltech.com\/site\/wp-json\/wp\/v2\/users\/1"}],"replies":[{"embeddable":true,"href":"https:\/\/www.unipoltech.com\/site\/wp-json\/wp\/v2\/comments?post=305"}],"version-history":[{"count":62,"href":"https:\/\/www.unipoltech.com\/site\/wp-json\/wp\/v2\/pages\/305\/revisions"}],"predecessor-version":[{"id":2101,"href":"https:\/\/www.unipoltech.com\/site\/wp-json\/wp\/v2\/pages\/305\/revisions\/2101"}],"wp:attachment":[{"href":"https:\/\/www.unipoltech.com\/site\/wp-json\/wp\/v2\/media?parent=305"}],"curies":[{"name":"wp","href":"https:\/\/api.w.org\/{rel}","templated":true}]}}