{"id":209,"date":"2025-08-25T11:39:47","date_gmt":"2025-08-25T09:39:47","guid":{"rendered":"https:\/\/www.unipoltech.com\/?page_id=209"},"modified":"2026-04-02T09:45:30","modified_gmt":"2026-04-02T07:45:30","slug":"ambiti-telematica","status":"publish","type":"page","link":"https:\/\/www.unipoltech.com\/site\/ambiti-telematica\/","title":{"rendered":"Ambiti Telematica"},"content":{"rendered":"\n    <section class=\"hero-banner\">\n        <div class=\"banner-wrapper\">\n            <img decoding=\"async\"\n                class=\"banner-background\"\n                src=\"https:\/\/www.unipoltech.com\/site\/wp-content\/uploads\/2025\/10\/Ambito_Telematica_UnipolTech.png\"\n                alt=\"\" \n            \/>\n            <div class=\"banner-overlay\"><\/div>\n            <div class=\"unipol-wrapper\">\n                <div class=\"section-content\">\n                    <div class=\"title\"><h1>Telematica<\/h1><\/div>\n                <\/div>\n            <\/div>            \n        <\/div>\n    <\/section>\n\n\n\n\n    <!-- CARDS -->\n            <section class=\"our-numbers unipol-wrapper light-mode\">\n            <div class=\"section-content\">\n                <div class=\"mobile-wrapper\">\n                    <div class=\"number-tabs\" role=\"tablist\">\n                        <div class=\"number-tab-buttons\">\n                                                            <button\n                                    id=\"tab-1\"\n                                    type=\"button\"\n                                    role=\"tab\"\n                                    aria-selected=\"true\"\n                                                                        aria-controls=\"tabpanel-1\"\n                                >\n                                    <span>Leadership di mercato<\/span>\n                                <\/button>\n                                                            <button\n                                    id=\"tab-2\"\n                                    type=\"button\"\n                                    role=\"tab\"\n                                    aria-selected=\"false\"\n                                    tabindex=\"-1\"                                    aria-controls=\"tabpanel-2\"\n                                >\n                                    <span>Dispositivi a bordo<\/span>\n                                <\/button>\n                                                            <button\n                                    id=\"tab-3\"\n                                    type=\"button\"\n                                    role=\"tab\"\n                                    aria-selected=\"false\"\n                                    tabindex=\"-1\"                                    aria-controls=\"tabpanel-3\"\n                                >\n                                    <span>Traffico a bordo<\/span>\n                                <\/button>\n                                                    <\/div>\n                                                    <div class=\"number-card dark-mode \"\n                                id=\"tabpanel-1\"\n                                role=\"tabpanel\"\n                                tabindex=\"0\"                                aria-labelledby=\"tab-1\"\n                            >\n                                <span class=\"number\">190<sup>k<\/sup><\/span>\n                                <span class=\"description\">sinistri gestiti all\u2019anno<\/span>\n                            <\/div>\n                                                    <div class=\"number-card dark-mode is-hidden\"\n                                id=\"tabpanel-2\"\n                                role=\"tabpanel\"\n                                tabindex=\"-1\"                                aria-labelledby=\"tab-2\"\n                            >\n                                <span class=\"number\">415+<sup>mln<\/sup><\/span>\n                                <span class=\"description\">eventi analizzati all\u2019anno<\/span>\n                            <\/div>\n                                                    <div class=\"number-card dark-mode is-hidden\"\n                                id=\"tabpanel-3\"\n                                role=\"tabpanel\"\n                                tabindex=\"-1\"                                aria-labelledby=\"tab-3\"\n                            >\n                                <span class=\"number\">99.9<sup>%<\/sup><\/span>\n                                <span class=\"description\">di efficienza del Crash Validator<\/span>\n                            <\/div>\n                                            <\/div>\n                <\/div>\n            <\/div>\n        <\/section>\n    \n\n\n\n    <section id=\"\" class=\"plain-text unipol-wrapper light-mode \">\n        <div class=\"section-content\">\n            <h2 class=\"unipol-title\">La tecnologia che connette, protegge e anticipa<\/h2>\n            <p class=\"unipol-description\">\n            In UnipolTech, la telematica \u00e8 molto pi\u00f9 di una tecnologia a bordo: \u00e8 un ecosistema intelligente che raccoglie, interpreta e trasforma i dati in valore per le persone. Grazie alla combinazione di dispositivi IoT, algoritmi avanzati e infrastrutture digitali, sviluppiamo soluzioni capaci di migliorare la sicurezza su strada, l\u2019esperienza di guida e l\u2019efficienza dei servizi assicurativi e urbani.<br>\n            <\/p>\n                    <\/div>\n    <\/section>\n\n\n\n\n    <section class=\"cards unipol-wrapper light-mode\">\n        <div class=\"section-content\">\n            <h2 class=\"unipol-title\">Le soluzioni telematiche di UnipolTech<\/h2>\n            <div class=\"card-wrapper\">\n                                                                                \n        \n    <div class=\"unipol-card\">\n        <div class=\"card-image\">\n            <img decoding=\"async\" src=\"https:\/\/www.unipoltech.com\/site\/wp-content\/uploads\/2025\/10\/1440x570-1.jpg\" \/>\n            <div class=\"card-overlay\"><\/div>\n        <\/div>\n        <h3>Dispositivo satellitare Unibox<\/h3>\n        <p>La soluzione telematica per i tuoi mezzi che integra sicurezza, monitoraggio e assistenza. Offre funzioni di guida smart, rilevazione incidenti e servizi dedicati alla mobilit\u00e0 connessa.<\/p>\n        <a href=\"https:\/\/www.unipol.it\/unibox-auto\"><span class=\"text\">Scopri di pi\u00f9<\/span><span class=\"icon unipol-icon-arrow-outward\"><\/span><\/a>\n    <\/div>\n    \n                                                                    \n        \n    <div class=\"unipol-card\">\n        <div class=\"card-image\">\n            <img decoding=\"async\" src=\"https:\/\/www.unipoltech.com\/site\/wp-content\/uploads\/2025\/10\/7Product_hero_pet-tracker-scaled.jpg\" \/>\n            <div class=\"card-overlay\"><\/div>\n        <\/div>\n        <h3>Tracker Pet<\/h3>\n        <p>Il localizzatore intelligente per la sicurezza dei tuoi animali domestici.\nTraccia la posizione in tempo reale e invia notifiche in caso di spostamenti imprevisti.<\/p>\n        <a href=\"https:\/\/www.unipol.it\/casa-famiglia\/assicurazione-cane-gatto\"><span class=\"text\">Scopri di pi\u00f9<\/span><span class=\"icon unipol-icon-arrow-outward\"><\/span><\/a>\n    <\/div>\n    \n                                                                    \n        \n    <div class=\"unipol-card\">\n        <div class=\"card-image\">\n            <img decoding=\"async\" src=\"https:\/\/www.unipoltech.com\/site\/wp-content\/uploads\/2025\/10\/HOMEPAGE_FOTO_QSHINO_UNIPOL_01-1.png\" \/>\n            <div class=\"card-overlay\"><\/div>\n        <\/div>\n        <h3>Qshino<\/h3>\n        <p>Il dispositivo antiabbandono con tecnologia connessa, progettato per garantire la sicurezza dei pi\u00f9 piccoli.\nFacile da usare e integrato con l\u2019app dedicata, avvisa il genitore in caso di emergenza.<\/p>\n        <a href=\"https:\/\/qshino.it\/\"><span class=\"text\">Scopri di pi\u00f9<\/span><span class=\"icon unipol-icon-arrow-outward\"><\/span><\/a>\n    <\/div>\n    \n                                            \n                                                                    <\/div>\n        <\/div>\n    <\/section>\n\n\n\n\n    <section class=\"partners unipol-wrapper fullwhite-mode\" style=\"overflow:hidden !important\">\n        <div class=\"section-content\">\n            <h2 class=\"unipol-title\">Partner tecnologici e industriali<\/h2>\n                    <\/div>\n\n        <!-- <div class=\"section-content\" id=\"partners-slider-offset-left\" aria-hidden=\"true\"><\/div> -->\n\n                    <div class=\"partner-list-slider fullwhite-space\">  \n                <div class=\"section-content\">                       \n                    <ul class=\"slider-partner\">\n                                                    <li>\n                                <div class=\"partner\">\n                                    <img decoding=\"async\" src=\"https:\/\/www.unipoltech.com\/site\/wp-content\/uploads\/2026\/04\/NORBIT-new.png\" alt=\"\" \/>\n                                <\/div>\n                            <\/li>\n                                                    <li>\n                                <div class=\"partner\">\n                                    <img decoding=\"async\" src=\"https:\/\/www.unipoltech.com\/site\/wp-content\/uploads\/2026\/04\/Targa-telematics-new.png\" alt=\"\" \/>\n                                <\/div>\n                            <\/li>\n                                                    <li>\n                                <div class=\"partner\">\n                                    <img decoding=\"async\" src=\"https:\/\/www.unipoltech.com\/site\/wp-content\/uploads\/2026\/04\/TIM-ENTERPRISE_new.png\" alt=\"\" \/>\n                                <\/div>\n                            <\/li>\n                                                    <li>\n                                <div class=\"partner\">\n                                    <img decoding=\"async\" src=\"https:\/\/www.unipoltech.com\/site\/wp-content\/uploads\/2026\/04\/Octo-new.png\" alt=\"\" \/>\n                                <\/div>\n                            <\/li>\n                                                    <li>\n                                <div class=\"partner\">\n                                    <img decoding=\"async\" src=\"https:\/\/www.unipoltech.com\/site\/wp-content\/uploads\/2026\/04\/B810_new.png\" alt=\"\" \/>\n                                <\/div>\n                            <\/li>\n                                                    <li>\n                                <div class=\"partner\">\n                                    <img decoding=\"async\" src=\"https:\/\/www.unipoltech.com\/site\/wp-content\/uploads\/2026\/04\/FASTWE-VODAFONE-new.png\" alt=\"\" \/>\n                                <\/div>\n                            <\/li>\n                                            <\/ul>            \n                <\/div>\n            <\/div>\n            <\/section>\n\n","protected":false},"excerpt":{"rendered":"","protected":false},"author":1,"featured_media":0,"parent":0,"menu_order":0,"comment_status":"closed","ping_status":"closed","template":"","meta":{"_acf_changed":false,"footnotes":""},"class_list":["post-209","page","type-page","status-publish","hentry"],"acf":[],"yoast_head":"<!-- This site is optimized with the Yoast SEO plugin v26.4 - https:\/\/yoast.com\/wordpress\/plugins\/seo\/ -->\n<title>Ambiti Telematica - UnipolTech<\/title>\n<meta name=\"robots\" content=\"index, follow, max-snippet:-1, max-image-preview:large, max-video-preview:-1\" \/>\n<link rel=\"canonical\" href=\"https:\/\/www.unipoltech.com\/site\/ambiti-telematica\/\" \/>\n<meta property=\"og:locale\" content=\"en_US\" \/>\n<meta property=\"og:type\" content=\"article\" \/>\n<meta property=\"og:title\" content=\"Ambiti Telematica - UnipolTech\" \/>\n<meta property=\"og:url\" content=\"https:\/\/www.unipoltech.com\/site\/ambiti-telematica\/\" \/>\n<meta property=\"og:site_name\" content=\"UnipolTech\" \/>\n<meta property=\"article:modified_time\" content=\"2026-04-02T07:45:30+00:00\" \/>\n<meta name=\"twitter:card\" content=\"summary_large_image\" \/>\n<script type=\"application\/ld+json\" class=\"yoast-schema-graph\">{\"@context\":\"https:\/\/schema.org\",\"@graph\":[{\"@type\":\"WebPage\",\"@id\":\"https:\/\/www.unipoltech.com\/site\/ambiti-telematica\/\",\"url\":\"https:\/\/www.unipoltech.com\/site\/ambiti-telematica\/\",\"name\":\"Ambiti Telematica - UnipolTech\",\"isPartOf\":{\"@id\":\"https:\/\/www.unipoltech.com\/site\/#website\"},\"datePublished\":\"2025-08-25T09:39:47+00:00\",\"dateModified\":\"2026-04-02T07:45:30+00:00\",\"breadcrumb\":{\"@id\":\"https:\/\/www.unipoltech.com\/site\/ambiti-telematica\/#breadcrumb\"},\"inLanguage\":\"en-US\",\"potentialAction\":[{\"@type\":\"ReadAction\",\"target\":[\"https:\/\/www.unipoltech.com\/site\/ambiti-telematica\/\"]}]},{\"@type\":\"BreadcrumbList\",\"@id\":\"https:\/\/www.unipoltech.com\/site\/ambiti-telematica\/#breadcrumb\",\"itemListElement\":[{\"@type\":\"ListItem\",\"position\":1,\"name\":\"Home\",\"item\":\"https:\/\/www.unipoltech.com\/site\/\"},{\"@type\":\"ListItem\",\"position\":2,\"name\":\"Ambiti Telematica\"}]},{\"@type\":\"WebSite\",\"@id\":\"https:\/\/www.unipoltech.com\/site\/#website\",\"url\":\"https:\/\/www.unipoltech.com\/site\/\",\"name\":\"UnipolTech\",\"description\":\"\",\"publisher\":{\"@id\":\"https:\/\/www.unipoltech.com\/site\/#organization\"},\"potentialAction\":[{\"@type\":\"SearchAction\",\"target\":{\"@type\":\"EntryPoint\",\"urlTemplate\":\"https:\/\/www.unipoltech.com\/site\/?s={search_term_string}\"},\"query-input\":{\"@type\":\"PropertyValueSpecification\",\"valueRequired\":true,\"valueName\":\"search_term_string\"}}],\"inLanguage\":\"en-US\"},{\"@type\":\"Organization\",\"@id\":\"https:\/\/www.unipoltech.com\/site\/#organization\",\"name\":\"UnipolTech\",\"url\":\"https:\/\/www.unipoltech.com\/site\/\",\"logo\":{\"@type\":\"ImageObject\",\"inLanguage\":\"en-US\",\"@id\":\"https:\/\/www.unipoltech.com\/site\/#\/schema\/logo\/image\/\",\"url\":\"https:\/\/www.unipoltech.com\/site\/wp-content\/uploads\/2025\/10\/unipoltech.svg\",\"contentUrl\":\"https:\/\/www.unipoltech.com\/site\/wp-content\/uploads\/2025\/10\/unipoltech.svg\",\"caption\":\"UnipolTech\"},\"image\":{\"@id\":\"https:\/\/www.unipoltech.com\/site\/#\/schema\/logo\/image\/\"}}]}<\/script>\n<!-- \/ Yoast SEO plugin. -->","yoast_head_json":{"title":"Ambiti Telematica - UnipolTech","robots":{"index":"index","follow":"follow","max-snippet":"max-snippet:-1","max-image-preview":"max-image-preview:large","max-video-preview":"max-video-preview:-1"},"canonical":"https:\/\/www.unipoltech.com\/site\/ambiti-telematica\/","og_locale":"en_US","og_type":"article","og_title":"Ambiti Telematica - UnipolTech","og_url":"https:\/\/www.unipoltech.com\/site\/ambiti-telematica\/","og_site_name":"UnipolTech","article_modified_time":"2026-04-02T07:45:30+00:00","twitter_card":"summary_large_image","schema":{"@context":"https:\/\/schema.org","@graph":[{"@type":"WebPage","@id":"https:\/\/www.unipoltech.com\/site\/ambiti-telematica\/","url":"https:\/\/www.unipoltech.com\/site\/ambiti-telematica\/","name":"Ambiti Telematica - UnipolTech","isPartOf":{"@id":"https:\/\/www.unipoltech.com\/site\/#website"},"datePublished":"2025-08-25T09:39:47+00:00","dateModified":"2026-04-02T07:45:30+00:00","breadcrumb":{"@id":"https:\/\/www.unipoltech.com\/site\/ambiti-telematica\/#breadcrumb"},"inLanguage":"en-US","potentialAction":[{"@type":"ReadAction","target":["https:\/\/www.unipoltech.com\/site\/ambiti-telematica\/"]}]},{"@type":"BreadcrumbList","@id":"https:\/\/www.unipoltech.com\/site\/ambiti-telematica\/#breadcrumb","itemListElement":[{"@type":"ListItem","position":1,"name":"Home","item":"https:\/\/www.unipoltech.com\/site\/"},{"@type":"ListItem","position":2,"name":"Ambiti Telematica"}]},{"@type":"WebSite","@id":"https:\/\/www.unipoltech.com\/site\/#website","url":"https:\/\/www.unipoltech.com\/site\/","name":"UnipolTech","description":"","publisher":{"@id":"https:\/\/www.unipoltech.com\/site\/#organization"},"potentialAction":[{"@type":"SearchAction","target":{"@type":"EntryPoint","urlTemplate":"https:\/\/www.unipoltech.com\/site\/?s={search_term_string}"},"query-input":{"@type":"PropertyValueSpecification","valueRequired":true,"valueName":"search_term_string"}}],"inLanguage":"en-US"},{"@type":"Organization","@id":"https:\/\/www.unipoltech.com\/site\/#organization","name":"UnipolTech","url":"https:\/\/www.unipoltech.com\/site\/","logo":{"@type":"ImageObject","inLanguage":"en-US","@id":"https:\/\/www.unipoltech.com\/site\/#\/schema\/logo\/image\/","url":"https:\/\/www.unipoltech.com\/site\/wp-content\/uploads\/2025\/10\/unipoltech.svg","contentUrl":"https:\/\/www.unipoltech.com\/site\/wp-content\/uploads\/2025\/10\/unipoltech.svg","caption":"UnipolTech"},"image":{"@id":"https:\/\/www.unipoltech.com\/site\/#\/schema\/logo\/image\/"}}]}},"_links":{"self":[{"href":"https:\/\/www.unipoltech.com\/site\/wp-json\/wp\/v2\/pages\/209","targetHints":{"allow":["GET"]}}],"collection":[{"href":"https:\/\/www.unipoltech.com\/site\/wp-json\/wp\/v2\/pages"}],"about":[{"href":"https:\/\/www.unipoltech.com\/site\/wp-json\/wp\/v2\/types\/page"}],"author":[{"embeddable":true,"href":"https:\/\/www.unipoltech.com\/site\/wp-json\/wp\/v2\/users\/1"}],"replies":[{"embeddable":true,"href":"https:\/\/www.unipoltech.com\/site\/wp-json\/wp\/v2\/comments?post=209"}],"version-history":[{"count":54,"href":"https:\/\/www.unipoltech.com\/site\/wp-json\/wp\/v2\/pages\/209\/revisions"}],"predecessor-version":[{"id":2056,"href":"https:\/\/www.unipoltech.com\/site\/wp-json\/wp\/v2\/pages\/209\/revisions\/2056"}],"wp:attachment":[{"href":"https:\/\/www.unipoltech.com\/site\/wp-json\/wp\/v2\/media?parent=209"}],"curies":[{"name":"wp","href":"https:\/\/api.w.org\/{rel}","templated":true}]}}